{"id":486,"date":"2023-09-25T08:50:17","date_gmt":"2023-09-25T08:50:17","guid":{"rendered":"https:\/\/agrigarden.com.mx\/?post_type=product&#038;p=486"},"modified":"2025-06-30T20:24:11","modified_gmt":"2025-06-30T20:24:11","slug":"multifuncional-ducati-dbc3033ms","status":"publish","type":"product","link":"https:\/\/agrigarden.com.mx\/?product=multifuncional-ducati-dbc3033ms","title":{"rendered":"MULTIFUNCIONAL DUCATI DBC3033MS"},"content":{"rendered":"<p>M\u00e1quina multifunci\u00f3n con cuatro accesorios hilo, disco de tres puntas, cortasetos de 40 cent\u00edmetros y podador de 30 cent\u00edmetros. Incluye prolongaci\u00f3n de 80 cent\u00edmetros y arn\u00e9s. Tres potentes equipos Desbrozadora, Motosierra y Cortasetos con el prestigio.<\/p>\n","protected":false},"excerpt":{"rendered":"<p><strong>MOTOR:<\/strong> 2 Tiempos<\/p>\n<p><strong>CILINDRADA:<\/strong> 32.6<\/p>\n<p><strong>CAPACIDAD DE COMBUSTIBLE:<\/strong> 900ml<strong> <\/strong><\/p>\n<p><strong>PESO:<\/strong> 6.3 Kg<\/p>\n","protected":false},"featured_media":488,"comment_status":"open","ping_status":"closed","template":"","meta":{"_eb_attr":"","_monsterinsights_skip_tracking":false,"_monsterinsights_sitenote_active":false,"_monsterinsights_sitenote_note":"","_monsterinsights_sitenote_category":0},"product_cat":[35,22],"product_tag":[],"class_list":{"0":"post-486","1":"product","2":"type-product","3":"status-publish","4":"has-post-thumbnail","6":"product_cat-ducati","7":"product_cat-maquinaria-y-equipo","9":"first","10":"instock","11":"shipping-taxable","12":"purchasable","13":"product-type-simple"},"aioseo_notices":[],"_links":{"self":[{"href":"https:\/\/agrigarden.com.mx\/index.php?rest_route=\/wp\/v2\/product\/486"}],"collection":[{"href":"https:\/\/agrigarden.com.mx\/index.php?rest_route=\/wp\/v2\/product"}],"about":[{"href":"https:\/\/agrigarden.com.mx\/index.php?rest_route=\/wp\/v2\/types\/product"}],"replies":[{"embeddable":true,"href":"https:\/\/agrigarden.com.mx\/index.php?rest_route=%2Fwp%2Fv2%2Fcomments&post=486"}],"wp:featuredmedia":[{"embeddable":true,"href":"https:\/\/agrigarden.com.mx\/index.php?rest_route=\/wp\/v2\/media\/488"}],"wp:attachment":[{"href":"https:\/\/agrigarden.com.mx\/index.php?rest_route=%2Fwp%2Fv2%2Fmedia&parent=486"}],"wp:term":[{"taxonomy":"product_cat","embeddable":true,"href":"https:\/\/agrigarden.com.mx\/index.php?rest_route=%2Fwp%2Fv2%2Fproduct_cat&post=486"},{"taxonomy":"product_tag","embeddable":true,"href":"https:\/\/agrigarden.com.mx\/index.php?rest_route=%2Fwp%2Fv2%2Fproduct_tag&post=486"}],"curies":[{"name":"wp","href":"https:\/\/api.w.org\/{rel}","templated":true}]}}